{"id":45,"date":"2026-02-26T09:20:34","date_gmt":"2026-02-26T08:20:34","guid":{"rendered":"http:\/\/arealtigroupe.com\/?page_id=45"},"modified":"2026-02-26T09:47:08","modified_gmt":"2026-02-26T08:47:08","slug":"rejoindre-le-consortium","status":"publish","type":"page","link":"https:\/\/arealtigroupe.com\/index.php\/rejoindre-le-consortium\/","title":{"rendered":"Rejoindre le consortium"},"content":{"rendered":"\n<div class=\"wp-block-columns is-layout-flex wp-container-core-columns-is-layout-28f84493 wp-block-columns-is-layout-flex\">\n<div class=\"wp-block-column is-layout-flow wp-block-column-is-layout-flow\" style=\"flex-basis:66.66%\">\n<div class=\"wp-block-columns is-layout-flex wp-container-core-columns-is-layout-28f84493 wp-block-columns-is-layout-flex\">\n<div class=\"wp-block-column is-layout-flow wp-block-column-is-layout-flow\" style=\"flex-basis:66.66%\">\n<p>Entrepreneurs, PME, rejoindre le consortium AREALTI Groupe c\u2019est :<\/p>\n\n\n\n<ul class=\"wp-block-list\">\n<li>Acc\u00e9l\u00e9rer le d\u00e9veloppement et b\u00e9n\u00e9ficier d\u2019un appui commercial et financier.<\/li>\n\n\n\n<li>Renforcer les performances en s\u2019appuyant sur la synergie transverse organis\u00e9e par le groupe.<\/li>\n\n\n\n<li>Conserver son identit\u00e9 propre, son management et sa culture d\u2019expert.<\/li>\n\n\n\n<li>Acc\u00e9der aux exp\u00e9riences d\u2019autres chefs d\u2019entreprises de m\u00eame culture technique.<\/li>\n\n\n\n<li>Accentuer votre cr\u00e9dibilit\u00e9 et vos r\u00e9f\u00e9rencements aupr\u00e8s des grands comptes.<\/li>\n\n\n\n<li>B\u00e9n\u00e9ficier d\u2019une force de frappe dans le recrutement et le staffing.<\/li>\n\n\n\n<li>S\u2019ins\u00e9rer dans un consortium \u00e0 long terme, patient, pr\u00eat \u00e0 investir, avec les m\u00eames visions.<\/li>\n\n\n\n<li>S\u2019int\u00e9grer \u00e0 un groupe solide financi\u00e8rement et respectueux des individus.<\/li>\n<\/ul>\n<\/div>\n\n\n\n<div class=\"wp-block-column is-layout-flow wp-block-column-is-layout-flow\" style=\"flex-basis:33.33%\">\n<figure class=\"wp-block-image size-full\"><img loading=\"lazy\" decoding=\"async\" width=\"200\" height=\"200\" src=\"http:\/\/arealtigroupe.com\/wp-content\/uploads\/2026\/02\/PICTO6.jpg\" alt=\"\" class=\"wp-image-46\" srcset=\"https:\/\/arealtigroupe.com\/wp-content\/uploads\/2026\/02\/PICTO6.jpg 200w, https:\/\/arealtigroupe.com\/wp-content\/uploads\/2026\/02\/PICTO6-150x150.jpg 150w\" sizes=\"auto, (max-width: 200px) 100vw, 200px\" \/><\/figure>\n<\/div>\n<\/div>\n<\/div>\n\n\n\n<div class=\"wp-block-column is-layout-flow wp-block-column-is-layout-flow\" style=\"flex-basis:33.33%\">\n<figure class=\"wp-block-image size-full is-resized\"><img loading=\"lazy\" decoding=\"async\" width=\"150\" height=\"100\" src=\"http:\/\/arealtigroupe.com\/wp-content\/uploads\/2026\/02\/cropped-logo158-150x100-1.png\" alt=\"\" class=\"wp-image-27\" style=\"width:222px;height:auto\"\/><\/figure>\n\n\n\n<figure class=\"wp-block-image size-full is-resized\"><img loading=\"lazy\" decoding=\"async\" width=\"300\" height=\"196\" src=\"http:\/\/arealtigroupe.com\/wp-content\/uploads\/2026\/02\/arealti300.png\" alt=\"\" class=\"wp-image-25\" style=\"width:220px;height:auto\"\/><\/figure>\n\n\n\n<figure class=\"wp-block-image size-full is-resized\"><img loading=\"lazy\" decoding=\"async\" width=\"333\" height=\"180\" src=\"http:\/\/arealtigroupe.com\/wp-content\/uploads\/2026\/02\/brainpower300.png\" alt=\"\" class=\"wp-image-26\" style=\"width:235px;height:auto\" srcset=\"https:\/\/arealtigroupe.com\/wp-content\/uploads\/2026\/02\/brainpower300.png 333w, https:\/\/arealtigroupe.com\/wp-content\/uploads\/2026\/02\/brainpower300-300x162.png 300w\" sizes=\"auto, (max-width: 333px) 100vw, 333px\" \/><\/figure>\n<\/div>\n<\/div>\n\n\n\n<figure class=\"wp-block-image aligncenter size-large\"><img loading=\"lazy\" decoding=\"async\" width=\"1024\" height=\"400\" src=\"http:\/\/arealtigroupe.com\/wp-content\/uploads\/2026\/02\/nerestezpasisole2-1024x400.png\" alt=\"\" class=\"wp-image-47\" srcset=\"https:\/\/arealtigroupe.com\/wp-content\/uploads\/2026\/02\/nerestezpasisole2-1024x400.png 1024w, https:\/\/arealtigroupe.com\/wp-content\/uploads\/2026\/02\/nerestezpasisole2-300x117.png 300w, https:\/\/arealtigroupe.com\/wp-content\/uploads\/2026\/02\/nerestezpasisole2-768x300.png 768w, https:\/\/arealtigroupe.com\/wp-content\/uploads\/2026\/02\/nerestezpasisole2.png 1200w\" sizes=\"auto, (max-width: 1024px) 100vw, 1024px\" \/><\/figure>\n","protected":false},"excerpt":{"rendered":"<p>Entrepreneurs, PME, rejoindre le consortium AREALTI Groupe c\u2019est :<\/p>\n","protected":false},"author":1,"featured_media":0,"parent":0,"menu_order":2,"comment_status":"closed","ping_status":"closed","template":"","meta":{"footnotes":""},"class_list":["post-45","page","type-page","status-publish","hentry"],"_links":{"self":[{"href":"https:\/\/arealtigroupe.com\/index.php\/wp-json\/wp\/v2\/pages\/45","targetHints":{"allow":["GET"]}}],"collection":[{"href":"https:\/\/arealtigroupe.com\/index.php\/wp-json\/wp\/v2\/pages"}],"about":[{"href":"https:\/\/arealtigroupe.com\/index.php\/wp-json\/wp\/v2\/types\/page"}],"author":[{"embeddable":true,"href":"https:\/\/arealtigroupe.com\/index.php\/wp-json\/wp\/v2\/users\/1"}],"replies":[{"embeddable":true,"href":"https:\/\/arealtigroupe.com\/index.php\/wp-json\/wp\/v2\/comments?post=45"}],"version-history":[{"count":3,"href":"https:\/\/arealtigroupe.com\/index.php\/wp-json\/wp\/v2\/pages\/45\/revisions"}],"predecessor-version":[{"id":57,"href":"https:\/\/arealtigroupe.com\/index.php\/wp-json\/wp\/v2\/pages\/45\/revisions\/57"}],"wp:attachment":[{"href":"https:\/\/arealtigroupe.com\/index.php\/wp-json\/wp\/v2\/media?parent=45"}],"curies":[{"name":"wp","href":"https:\/\/api.w.org\/{rel}","templated":true}]}}