{"id":49,"date":"2026-02-26T09:28:21","date_gmt":"2026-02-26T08:28:21","guid":{"rendered":"http:\/\/arealtigroupe.com\/?page_id=49"},"modified":"2026-02-26T09:33:56","modified_gmt":"2026-02-26T08:33:56","slug":"consortium-dentreprises","status":"publish","type":"page","link":"https:\/\/arealtigroupe.com\/index.php\/consortium-dentreprises\/","title":{"rendered":"Consortium d\u2019entreprises"},"content":{"rendered":"\n<div class=\"wp-block-columns is-layout-flex wp-container-core-columns-is-layout-28f84493 wp-block-columns-is-layout-flex\">\n<div class=\"wp-block-column is-layout-flow wp-block-column-is-layout-flow\" style=\"flex-basis:66.66%\">\n<div class=\"wp-block-columns is-layout-flex wp-container-core-columns-is-layout-28f84493 wp-block-columns-is-layout-flex\">\n<div class=\"wp-block-column is-layout-flow wp-block-column-is-layout-flow\" style=\"flex-basis:33.33%\">\n<figure class=\"wp-block-image size-full\"><img loading=\"lazy\" decoding=\"async\" width=\"200\" height=\"200\" src=\"http:\/\/arealtigroupe.com\/wp-content\/uploads\/2026\/02\/PICTO3.jpg\" alt=\"\" class=\"wp-image-35\" srcset=\"https:\/\/arealtigroupe.com\/wp-content\/uploads\/2026\/02\/PICTO3.jpg 200w, https:\/\/arealtigroupe.com\/wp-content\/uploads\/2026\/02\/PICTO3-150x150.jpg 150w\" sizes=\"auto, (max-width: 200px) 100vw, 200px\" \/><\/figure>\n<\/div>\n\n\n\n<div class=\"wp-block-column is-layout-flow wp-block-column-is-layout-flow\" style=\"flex-basis:66.66%\">\n<p>L\u2019\u00e9volution progressive du groupe \u00e0 d\u2019autres activit\u00e9s est orient\u00e9e de mani\u00e8re \u00e0 privil\u00e9gier les sp\u00e9cialit\u00e9s \u00e0 haut niveau d\u2019expertise technique.<\/p>\n<\/div>\n<\/div>\n\n\n\n<p>Ce regroupement de comp\u00e9tences et d\u2019expertises est fortement marqu\u00e9 par une culture d\u2019ing\u00e9nieurs accordant une importance primordiale au d\u00e9veloppement et \u00e0 la recherche.<\/p>\n\n\n\n<p>ARealTI Groupe propose un vecteur de croissance volontariste visant \u00e0 \u00e9tendre les offres de services et \u00e0 renforcer son expertise dans des domaines de pointe connexes.<\/p>\n\n\n\n<p>Les soci\u00e9t\u00e9s du consortium ARealTI Groupe, toutes \u00e0 taille humaine, proposent une large palette d\u2019expertises, depuis l\u2019innovation jusqu\u2019aux cycles de d\u00e9veloppement sur l\u2019ensemble des domaines industriels.<\/p>\n\n\n\n<p>Les soci\u00e9t\u00e9s du groupe, op\u00e9rationnellement autonomes, se renforcent mutuellement \u00e0 travers une collaboration et le partage de leurs expertises. La mise en commun des moyens du groupe donne acc\u00e8s \u00e0 chaque structure au support n\u00e9cessaire sur le plan financier, administratif et juridique.<\/p>\n\n\n\n<p>La politique du groupe AREALTI est de vectoriser, \u00e0 l\u2019aide du consortium, des acquisitions et des partenariats avec des soci\u00e9t\u00e9s fond\u00e9s sur la m\u00eame ADN.<\/p>\n\n\n\n<p>Le consortium a pour vocation pour ses soci\u00e9t\u00e9s d\u2019am\u00e9liorer leur notori\u00e9t\u00e9 et leur assise aupr\u00e8s des grands donneurs d\u2019ordre, de fid\u00e9liser ses r\u00e9seaux et de les \u00e9tendre. L.\u2019objectif final est de faire croitre leurs parts de march\u00e9 dans tous leurs secteurs d\u2019expertises.<\/p>\n<\/div>\n\n\n\n<div class=\"wp-block-column is-layout-flow wp-block-column-is-layout-flow\" style=\"flex-basis:33.33%\">\n<figure class=\"wp-block-image size-full is-resized\"><img loading=\"lazy\" decoding=\"async\" width=\"150\" height=\"100\" src=\"http:\/\/arealtigroupe.com\/wp-content\/uploads\/2026\/02\/cropped-logo158-150x100-2.png\" alt=\"\" class=\"wp-image-30\" style=\"width:225px;height:auto\"\/><\/figure>\n\n\n\n<figure class=\"wp-block-image size-full is-resized\"><img loading=\"lazy\" decoding=\"async\" width=\"300\" height=\"196\" src=\"http:\/\/arealtigroupe.com\/wp-content\/uploads\/2026\/02\/arealti300.png\" alt=\"\" class=\"wp-image-25\" style=\"width:216px;height:auto\"\/><\/figure>\n\n\n\n<figure class=\"wp-block-image size-full is-resized\"><img loading=\"lazy\" decoding=\"async\" width=\"333\" height=\"180\" src=\"http:\/\/arealtigroupe.com\/wp-content\/uploads\/2026\/02\/brainpower300.png\" alt=\"\" class=\"wp-image-26\" style=\"width:242px;height:auto\" srcset=\"https:\/\/arealtigroupe.com\/wp-content\/uploads\/2026\/02\/brainpower300.png 333w, https:\/\/arealtigroupe.com\/wp-content\/uploads\/2026\/02\/brainpower300-300x162.png 300w\" sizes=\"auto, (max-width: 333px) 100vw, 333px\" \/><\/figure>\n<\/div>\n<\/div>\n\n\n\n<figure class=\"wp-block-image size-large\"><img loading=\"lazy\" decoding=\"async\" width=\"1024\" height=\"341\" src=\"http:\/\/arealtigroupe.com\/wp-content\/uploads\/2026\/02\/embarquez-1024x341.png\" alt=\"\" class=\"wp-image-34\" srcset=\"https:\/\/arealtigroupe.com\/wp-content\/uploads\/2026\/02\/embarquez-1024x341.png 1024w, https:\/\/arealtigroupe.com\/wp-content\/uploads\/2026\/02\/embarquez-300x100.png 300w, https:\/\/arealtigroupe.com\/wp-content\/uploads\/2026\/02\/embarquez-768x256.png 768w, https:\/\/arealtigroupe.com\/wp-content\/uploads\/2026\/02\/embarquez.png 1200w\" sizes=\"auto, (max-width: 1024px) 100vw, 1024px\" \/><\/figure>\n","protected":false},"excerpt":{"rendered":"<p>L\u2019\u00e9volution progressive du groupe \u00e0 d\u2019autres activit\u00e9s est orient\u00e9e de mani\u00e8re \u00e0 privil\u00e9gier les sp\u00e9cialit\u00e9s \u00e0 haut niveau d\u2019expertise technique. Ce regroupement de comp\u00e9tences et d\u2019expertises est fortement marqu\u00e9 par une culture d\u2019ing\u00e9nieurs accordant une importance primordiale au d\u00e9veloppement et \u00e0 la recherche. ARealTI Groupe propose un vecteur de croissance volontariste visant \u00e0 \u00e9tendre les [&hellip;]<\/p>\n","protected":false},"author":1,"featured_media":0,"parent":0,"menu_order":1,"comment_status":"closed","ping_status":"closed","template":"","meta":{"footnotes":""},"class_list":["post-49","page","type-page","status-publish","hentry"],"_links":{"self":[{"href":"https:\/\/arealtigroupe.com\/index.php\/wp-json\/wp\/v2\/pages\/49","targetHints":{"allow":["GET"]}}],"collection":[{"href":"https:\/\/arealtigroupe.com\/index.php\/wp-json\/wp\/v2\/pages"}],"about":[{"href":"https:\/\/arealtigroupe.com\/index.php\/wp-json\/wp\/v2\/types\/page"}],"author":[{"embeddable":true,"href":"https:\/\/arealtigroupe.com\/index.php\/wp-json\/wp\/v2\/users\/1"}],"replies":[{"embeddable":true,"href":"https:\/\/arealtigroupe.com\/index.php\/wp-json\/wp\/v2\/comments?post=49"}],"version-history":[{"count":1,"href":"https:\/\/arealtigroupe.com\/index.php\/wp-json\/wp\/v2\/pages\/49\/revisions"}],"predecessor-version":[{"id":50,"href":"https:\/\/arealtigroupe.com\/index.php\/wp-json\/wp\/v2\/pages\/49\/revisions\/50"}],"wp:attachment":[{"href":"https:\/\/arealtigroupe.com\/index.php\/wp-json\/wp\/v2\/media?parent=49"}],"curies":[{"name":"wp","href":"https:\/\/api.w.org\/{rel}","templated":true}]}}